{"id":40,"date":"2024-01-24T12:46:29","date_gmt":"2024-01-24T12:46:29","guid":{"rendered":"https:\/\/balanse.info\/akupunktur\/?page_id=40"},"modified":"2024-01-24T17:35:59","modified_gmt":"2024-01-24T17:35:59","slug":"referanser","status":"publish","type":"page","link":"https:\/\/balanse.info\/akupunktur\/referanser\/","title":{"rendered":"Referanser"},"content":{"rendered":"\n<p>Er du forn\u00f8yd med behandlingen hos Balanse Akupunktur? I s\u00e5 fall setter jeg <em>stor<\/em> pris p\u00e5 om du tar deg tid til \u00e5 gi meg 5 stjerner og skrive et par ord! Det kan du gj\u00f8re <a href=\"https:\/\/g.page\/r\/CXOyttUQgn_-EB0\/review\" target=\"_blank\" rel=\"noopener\" title=\"Balanse akupunktur feedback\">HER<\/a>.<\/p>\n\n\n<pre class=\"ti-widget\" style=\"display: none\"><template id=\"trustindex-google-widget-html\"><div class=\" ti-widget  ti-goog ti-disable-font ti-show-rating-text ti-review-text-mode-readmore ti-text-align-left\" data-no-translation=\"true\" data-time-locale=\"%d %s siden|i dag|dag|dager|uke|uker|m\u00e5ned|m\u00e5neder|\u00e5r|\u00e5r\" data-layout-id=\"33\" data-layout-category=\"list\" data-set-id=\"light-background\" data-pid=\"\" data-language=\"no\" data-close-locale=\"Lukk\" data-css-version=\"2\" data-reply-by-locale=\"Svar fra eier\" data-load-more-rows=\"5\"> <div class=\"ti-widget-container\"> <div class=\"ti-header source-Google\"> <div class=\"ti-mob-row\"> <span class=\"nowrap\"><strong>UTMERKET<\/strong><\/span> <span class=\"ti-stars\"><trustindex-image class=\"ti-star\" data-imgurl=\"https:\/\/cdn.trustindex.io\/assets\/platform\/Google\/star\/f.svg\" alt=\"Google\" width=\"17\" height=\"17\" loading=\"lazy\"><\/trustindex-image><trustindex-image class=\"ti-star\" data-imgurl=\"https:\/\/cdn.trustindex.io\/assets\/platform\/Google\/star\/f.svg\" alt=\"Google\" width=\"17\" height=\"17\" loading=\"lazy\"><\/trustindex-image><trustindex-image class=\"ti-star\" data-imgurl=\"https:\/\/cdn.trustindex.io\/assets\/platform\/Google\/star\/f.svg\" alt=\"Google\" width=\"17\" height=\"17\" loading=\"lazy\"><\/trustindex-image><trustindex-image class=\"ti-star\" data-imgurl=\"https:\/\/cdn.trustindex.io\/assets\/platform\/Google\/star\/f.svg\" alt=\"Google\" width=\"17\" height=\"17\" loading=\"lazy\"><\/trustindex-image><trustindex-image class=\"ti-star\" data-imgurl=\"https:\/\/cdn.trustindex.io\/assets\/platform\/Google\/star\/f.svg\" alt=\"Google\" width=\"17\" height=\"17\" loading=\"lazy\"><\/trustindex-image><\/span> <\/div> <div class=\"ti-mob-row\"> <span class=\"nowrap\"><strong>7 anmeldelser<\/strong><\/span><div class=\"ti-small-logo\"><trustindex-image data-imgurl=\"https:\/\/balanse.info\/akupunktur\/wp-content\/plugins\/wp-reviews-plugin-for-google\/static\/img\/platform\/logo.svg?ver=do-not-care-13.2.5\" alt=\"Google\" width=\"150\" height=\"25\" loading=\"lazy\"><\/trustindex-image><\/div> <\/div> <\/div> <div class=\"ti-reviews-container\"> <div class=\"ti-reviews-container-wrapper\">  <div data-empty=\"0\" data-time=\"1651536000\" class=\"ti-review-item source-Google ti-image-layout-thumbnail\" data-id=\"cfcd208495d565ef66e7dff9f98764da\"> <div class=\"ti-inner\"> <div class=\"ti-review-header\"> <div class=\"ti-platform-icon ti-with-tooltip\"> <span class=\"ti-tooltip\">Publisert p\u00e5 <\/span> <trustindex-image data-imgurl=\"https:\/\/cdn.trustindex.io\/assets\/platform\/Google\/icon.svg\" alt=\"\" width=\"20\" height=\"20\" loading=\"lazy\"><\/trustindex-image> <\/div> <div class=\"ti-profile-img\"> <trustindex-image data-imgurl=\"https:\/\/lh3.googleusercontent.com\/a\/ACg8ocKDm0jUxu45S5dX1jyc2uAxHTbXYgVcEBxSXOiUAU16=w40-h40-c-rp-mo-br100\" alt=\"Terje Rokne profile picture\" loading=\"lazy\"><\/trustindex-image> <\/div> <div class=\"ti-profile-details\"> <div class=\"ti-name\"> Terje Rokne <\/div> <div class=\"ti-date\"><\/div> <\/div> <\/div> <span class=\"ti-stars\"><trustindex-image class=\"ti-star\" data-imgurl=\"https:\/\/cdn.trustindex.io\/assets\/platform\/Google\/star\/f.svg\" alt=\"Google\" width=\"17\" height=\"17\" loading=\"lazy\"><\/trustindex-image><trustindex-image class=\"ti-star\" data-imgurl=\"https:\/\/cdn.trustindex.io\/assets\/platform\/Google\/star\/f.svg\" alt=\"Google\" width=\"17\" height=\"17\" loading=\"lazy\"><\/trustindex-image><trustindex-image class=\"ti-star\" data-imgurl=\"https:\/\/cdn.trustindex.io\/assets\/platform\/Google\/star\/f.svg\" alt=\"Google\" width=\"17\" height=\"17\" loading=\"lazy\"><\/trustindex-image><trustindex-image class=\"ti-star\" data-imgurl=\"https:\/\/cdn.trustindex.io\/assets\/platform\/Google\/star\/f.svg\" alt=\"Google\" width=\"17\" height=\"17\" loading=\"lazy\"><\/trustindex-image><trustindex-image class=\"ti-star\" data-imgurl=\"https:\/\/cdn.trustindex.io\/assets\/platform\/Google\/star\/f.svg\" alt=\"Google\" width=\"17\" height=\"17\" loading=\"lazy\"><\/trustindex-image><\/span> <div class=\"ti-review-content\"> <div class=\"ti-review-text-container ti-inner\"><!-- R-CONTENT -->Meget dyktig,og flink<!-- R-CONTENT --><\/div> <span class=\"ti-read-more\" data-container=\".ti-review-content .ti-inner\" data-collapse-text=\"Lukk\" data-open-text=\"Les mer\"><\/span> <\/div> <\/div> <\/div>  <div data-empty=\"0\" data-time=\"1611619200\" class=\"ti-review-item source-Google ti-image-layout-thumbnail\" data-id=\"cfcd208495d565ef66e7dff9f98764da\"> <div class=\"ti-inner\"> <div class=\"ti-review-header\"> <div class=\"ti-platform-icon ti-with-tooltip\"> <span class=\"ti-tooltip\">Publisert p\u00e5 <\/span> <trustindex-image data-imgurl=\"https:\/\/cdn.trustindex.io\/assets\/platform\/Google\/icon.svg\" alt=\"\" width=\"20\" height=\"20\" loading=\"lazy\"><\/trustindex-image> <\/div> <div class=\"ti-profile-img\"> <trustindex-image data-imgurl=\"https:\/\/lh3.googleusercontent.com\/a-\/ALV-UjXYzorLT1JqckizwgEdONS5i8DYjRkRL542ptooiGHSAW0=w40-h40-c-rp-mo-br100\" alt=\"Minh Khai Mai-Thi profile picture\" loading=\"lazy\"><\/trustindex-image> <\/div> <div class=\"ti-profile-details\"> <div class=\"ti-name\"> Minh Khai Mai-Thi <\/div> <div class=\"ti-date\"><\/div> <\/div> <\/div> <span class=\"ti-stars\"><trustindex-image class=\"ti-star\" data-imgurl=\"https:\/\/cdn.trustindex.io\/assets\/platform\/Google\/star\/f.svg\" alt=\"Google\" width=\"17\" height=\"17\" loading=\"lazy\"><\/trustindex-image><trustindex-image class=\"ti-star\" data-imgurl=\"https:\/\/cdn.trustindex.io\/assets\/platform\/Google\/star\/f.svg\" alt=\"Google\" width=\"17\" height=\"17\" loading=\"lazy\"><\/trustindex-image><trustindex-image class=\"ti-star\" data-imgurl=\"https:\/\/cdn.trustindex.io\/assets\/platform\/Google\/star\/f.svg\" alt=\"Google\" width=\"17\" height=\"17\" loading=\"lazy\"><\/trustindex-image><trustindex-image class=\"ti-star\" data-imgurl=\"https:\/\/cdn.trustindex.io\/assets\/platform\/Google\/star\/f.svg\" alt=\"Google\" width=\"17\" height=\"17\" loading=\"lazy\"><\/trustindex-image><trustindex-image class=\"ti-star\" data-imgurl=\"https:\/\/cdn.trustindex.io\/assets\/platform\/Google\/star\/f.svg\" alt=\"Google\" width=\"17\" height=\"17\" loading=\"lazy\"><\/trustindex-image><\/span> <div class=\"ti-review-content\"> <div class=\"ti-review-text-container ti-inner\"><!-- R-CONTENT -->Arne er en dyktig, kunnskapsrik og klok kollega - anbefales!<!-- R-CONTENT --><\/div> <span class=\"ti-read-more\" data-container=\".ti-review-content .ti-inner\" data-collapse-text=\"Lukk\" data-open-text=\"Les mer\"><\/span> <\/div> <\/div> <\/div>  <div data-empty=\"0\" data-time=\"1606953600\" class=\"ti-review-item source-Google ti-image-layout-thumbnail\" data-id=\"cfcd208495d565ef66e7dff9f98764da\"> <div class=\"ti-inner\"> <div class=\"ti-review-header\"> <div class=\"ti-platform-icon ti-with-tooltip\"> <span class=\"ti-tooltip\">Publisert p\u00e5 <\/span> <trustindex-image data-imgurl=\"https:\/\/cdn.trustindex.io\/assets\/platform\/Google\/icon.svg\" alt=\"\" width=\"20\" height=\"20\" loading=\"lazy\"><\/trustindex-image> <\/div> <div class=\"ti-profile-img\"> <trustindex-image data-imgurl=\"https:\/\/lh3.googleusercontent.com\/a-\/ALV-UjV2PUjOuSJaxCuqUR_sTS4UZq2LsRdAwcDbsp2jRPLY-A=w40-h40-c-rp-mo-br100\" alt=\"Kayleigh Mathiesen profile picture\" loading=\"lazy\"><\/trustindex-image> <\/div> <div class=\"ti-profile-details\"> <div class=\"ti-name\"> Kayleigh Mathiesen <\/div> <div class=\"ti-date\"><\/div> <\/div> <\/div> <span class=\"ti-stars\"><trustindex-image class=\"ti-star\" data-imgurl=\"https:\/\/cdn.trustindex.io\/assets\/platform\/Google\/star\/f.svg\" alt=\"Google\" width=\"17\" height=\"17\" loading=\"lazy\"><\/trustindex-image><trustindex-image class=\"ti-star\" data-imgurl=\"https:\/\/cdn.trustindex.io\/assets\/platform\/Google\/star\/f.svg\" alt=\"Google\" width=\"17\" height=\"17\" loading=\"lazy\"><\/trustindex-image><trustindex-image class=\"ti-star\" data-imgurl=\"https:\/\/cdn.trustindex.io\/assets\/platform\/Google\/star\/f.svg\" alt=\"Google\" width=\"17\" height=\"17\" loading=\"lazy\"><\/trustindex-image><trustindex-image class=\"ti-star\" data-imgurl=\"https:\/\/cdn.trustindex.io\/assets\/platform\/Google\/star\/f.svg\" alt=\"Google\" width=\"17\" height=\"17\" loading=\"lazy\"><\/trustindex-image><trustindex-image class=\"ti-star\" data-imgurl=\"https:\/\/cdn.trustindex.io\/assets\/platform\/Google\/star\/f.svg\" alt=\"Google\" width=\"17\" height=\"17\" loading=\"lazy\"><\/trustindex-image><\/span> <div class=\"ti-review-content\"> <div class=\"ti-review-text-container ti-inner\"><!-- R-CONTENT -->Arne is methodical and diligent.  He has really helped me.  I had an aching shoulder just yesterday and after an session with him I feel  much much better.  Thank you.  Highly recommended.<!-- R-CONTENT --><\/div> <span class=\"ti-read-more\" data-container=\".ti-review-content .ti-inner\" data-collapse-text=\"Lukk\" data-open-text=\"Les mer\"><\/span> <\/div> <\/div> <\/div>  <div data-empty=\"0\" data-time=\"1606262400\" class=\"ti-review-item source-Google ti-image-layout-thumbnail\" data-id=\"cfcd208495d565ef66e7dff9f98764da\"> <div class=\"ti-inner\"> <div class=\"ti-review-header\"> <div class=\"ti-platform-icon ti-with-tooltip\"> <span class=\"ti-tooltip\">Publisert p\u00e5 <\/span> <trustindex-image data-imgurl=\"https:\/\/cdn.trustindex.io\/assets\/platform\/Google\/icon.svg\" alt=\"\" width=\"20\" height=\"20\" loading=\"lazy\"><\/trustindex-image> <\/div> <div class=\"ti-profile-img\"> <trustindex-image data-imgurl=\"https:\/\/lh3.googleusercontent.com\/a\/ACg8ocL7lVtRvR_PMzNDxkPrsIxFQ0afFa3WSuQHL-hVNoyS=w40-h40-c-rp-mo-br100\" alt=\"Else-Marie Froestad profile picture\" loading=\"lazy\"><\/trustindex-image> <\/div> <div class=\"ti-profile-details\"> <div class=\"ti-name\"> Else-Marie Froestad <\/div> <div class=\"ti-date\"><\/div> <\/div> <\/div> <span class=\"ti-stars\"><trustindex-image class=\"ti-star\" data-imgurl=\"https:\/\/cdn.trustindex.io\/assets\/platform\/Google\/star\/f.svg\" alt=\"Google\" width=\"17\" height=\"17\" loading=\"lazy\"><\/trustindex-image><trustindex-image class=\"ti-star\" data-imgurl=\"https:\/\/cdn.trustindex.io\/assets\/platform\/Google\/star\/f.svg\" alt=\"Google\" width=\"17\" height=\"17\" loading=\"lazy\"><\/trustindex-image><trustindex-image class=\"ti-star\" data-imgurl=\"https:\/\/cdn.trustindex.io\/assets\/platform\/Google\/star\/f.svg\" alt=\"Google\" width=\"17\" height=\"17\" loading=\"lazy\"><\/trustindex-image><trustindex-image class=\"ti-star\" data-imgurl=\"https:\/\/cdn.trustindex.io\/assets\/platform\/Google\/star\/f.svg\" alt=\"Google\" width=\"17\" height=\"17\" loading=\"lazy\"><\/trustindex-image><trustindex-image class=\"ti-star\" data-imgurl=\"https:\/\/cdn.trustindex.io\/assets\/platform\/Google\/star\/f.svg\" alt=\"Google\" width=\"17\" height=\"17\" loading=\"lazy\"><\/trustindex-image><\/span> <div class=\"ti-review-content\"> <div class=\"ti-review-text-container ti-inner\"><!-- R-CONTENT -->Vekdig forn\u00f8gd med behandlinga. Han er veldig flink, og veit mykje\ud83d\ude0a\ud83d\udc4d<!-- R-CONTENT --><\/div> <span class=\"ti-read-more\" data-container=\".ti-review-content .ti-inner\" data-collapse-text=\"Lukk\" data-open-text=\"Les mer\"><\/span> <\/div> <\/div> <\/div>  <div data-empty=\"0\" data-time=\"1567555200\" class=\"ti-review-item source-Google ti-image-layout-thumbnail\" data-id=\"cfcd208495d565ef66e7dff9f98764da\"> <div class=\"ti-inner\"> <div class=\"ti-review-header\"> <div class=\"ti-platform-icon ti-with-tooltip\"> <span class=\"ti-tooltip\">Publisert p\u00e5 <\/span> <trustindex-image data-imgurl=\"https:\/\/cdn.trustindex.io\/assets\/platform\/Google\/icon.svg\" alt=\"\" width=\"20\" height=\"20\" loading=\"lazy\"><\/trustindex-image> <\/div> <div class=\"ti-profile-img\"> <trustindex-image data-imgurl=\"https:\/\/lh3.googleusercontent.com\/a-\/ALV-UjWKi3OsVGJOdrTYWTJM_E8XiYofHw03LkBuImUwShAHVQ=w40-h40-c-rp-mo-br100\" alt=\"Mass\u00f8ren p\u00e5 Voss profile picture\" loading=\"lazy\"><\/trustindex-image> <\/div> <div class=\"ti-profile-details\"> <div class=\"ti-name\"> Mass\u00f8ren p\u00e5 Voss <\/div> <div class=\"ti-date\"><\/div> <\/div> <\/div> <span class=\"ti-stars\"><trustindex-image class=\"ti-star\" data-imgurl=\"https:\/\/cdn.trustindex.io\/assets\/platform\/Google\/star\/f.svg\" alt=\"Google\" width=\"17\" height=\"17\" loading=\"lazy\"><\/trustindex-image><trustindex-image class=\"ti-star\" data-imgurl=\"https:\/\/cdn.trustindex.io\/assets\/platform\/Google\/star\/f.svg\" alt=\"Google\" width=\"17\" height=\"17\" loading=\"lazy\"><\/trustindex-image><trustindex-image class=\"ti-star\" data-imgurl=\"https:\/\/cdn.trustindex.io\/assets\/platform\/Google\/star\/f.svg\" alt=\"Google\" width=\"17\" height=\"17\" loading=\"lazy\"><\/trustindex-image><trustindex-image class=\"ti-star\" data-imgurl=\"https:\/\/cdn.trustindex.io\/assets\/platform\/Google\/star\/f.svg\" alt=\"Google\" width=\"17\" height=\"17\" loading=\"lazy\"><\/trustindex-image><trustindex-image class=\"ti-star\" data-imgurl=\"https:\/\/cdn.trustindex.io\/assets\/platform\/Google\/star\/f.svg\" alt=\"Google\" width=\"17\" height=\"17\" loading=\"lazy\"><\/trustindex-image><\/span> <div class=\"ti-review-content\"> <div class=\"ti-review-text-container ti-inner\"><!-- R-CONTENT -->Fantastisk flink akupunkt\u00f8r. Behagelig og effektiv behandling.<!-- R-CONTENT --><\/div> <span class=\"ti-read-more\" data-container=\".ti-review-content .ti-inner\" data-collapse-text=\"Lukk\" data-open-text=\"Les mer\"><\/span> <\/div> <\/div> <\/div>  <\/div> <div class=\"ti-load-more-reviews-container\"> <div class=\"ti-load-more-reviews-button\" style=\"display: none\">Last mer<\/div> <\/div> <\/div>   <\/div> <\/div> <\/template><\/pre><div data-src=\"https:\/\/cdn.trustindex.io\/loader.js?wp-widget\" data-template-id=\"trustindex-google-widget-html\" data-css-url=\"https:\/\/balanse.info\/akupunktur\/wp-content\/uploads\/trustindex-google-widget.css?1764952482\"><\/div>\n","protected":false},"excerpt":{"rendered":"<p>Er du forn\u00f8yd med behandlingen hos Balanse Akupunktur? I s\u00e5 fall setter jeg stor pris p\u00e5 om du tar deg tid til \u00e5 gi meg 5 stjerner og skrive et &hellip; <\/p>\n","protected":false},"author":1,"featured_media":0,"parent":0,"menu_order":0,"comment_status":"closed","ping_status":"closed","template":"","meta":{"_monsterinsights_skip_tracking":false,"_monsterinsights_sitenote_active":false,"_monsterinsights_sitenote_note":"","_monsterinsights_sitenote_category":0,"_uf_show_specific_survey":0,"_uf_disable_surveys":false,"footnotes":""},"class_list":["post-40","page","type-page","status-publish","hentry"],"yoast_head":"<!-- This site is optimized with the Yoast SEO plugin v27.2 - https:\/\/yoast.com\/product\/yoast-seo-wordpress\/ -->\n<title>Referanser - Balanse Akupunktur Voss<\/title>\n<meta name=\"robots\" content=\"index, follow, max-snippet:-1, max-image-preview:large, max-video-preview:-1\" \/>\n<link rel=\"canonical\" href=\"https:\/\/balanse.info\/akupunktur\/referanser\/\" \/>\n<meta property=\"og:locale\" content=\"en_GB\" \/>\n<meta property=\"og:type\" content=\"article\" \/>\n<meta property=\"og:title\" content=\"Referanser - Balanse Akupunktur Voss\" \/>\n<meta property=\"og:description\" content=\"Er du forn\u00f8yd med behandlingen hos Balanse Akupunktur? I s\u00e5 fall setter jeg stor pris p\u00e5 om du tar deg tid til \u00e5 gi meg 5 stjerner og skrive et &hellip;\" \/>\n<meta property=\"og:url\" content=\"https:\/\/balanse.info\/akupunktur\/referanser\/\" \/>\n<meta property=\"og:site_name\" content=\"Balanse Akupunktur Voss\" \/>\n<meta property=\"article:publisher\" content=\"https:\/\/www.facebook.com\/balanseakupunktur\" \/>\n<meta property=\"article:modified_time\" content=\"2024-01-24T17:35:59+00:00\" \/>\n<meta name=\"twitter:card\" content=\"summary_large_image\" \/>\n<script type=\"application\/ld+json\" class=\"yoast-schema-graph\">{\"@context\":\"https:\/\/schema.org\",\"@graph\":[{\"@type\":\"WebPage\",\"@id\":\"https:\/\/balanse.info\/akupunktur\/referanser\/\",\"url\":\"https:\/\/balanse.info\/akupunktur\/referanser\/\",\"name\":\"Referanser - Balanse Akupunktur Voss\",\"isPartOf\":{\"@id\":\"https:\/\/balanse.info\/akupunktur\/#website\"},\"datePublished\":\"2024-01-24T12:46:29+00:00\",\"dateModified\":\"2024-01-24T17:35:59+00:00\",\"breadcrumb\":{\"@id\":\"https:\/\/balanse.info\/akupunktur\/referanser\/#breadcrumb\"},\"inLanguage\":\"en-GB\",\"potentialAction\":[{\"@type\":\"ReadAction\",\"target\":[\"https:\/\/balanse.info\/akupunktur\/referanser\/\"]}]},{\"@type\":\"BreadcrumbList\",\"@id\":\"https:\/\/balanse.info\/akupunktur\/referanser\/#breadcrumb\",\"itemListElement\":[{\"@type\":\"ListItem\",\"position\":1,\"name\":\"Home\",\"item\":\"https:\/\/balanse.info\/akupunktur\/\"},{\"@type\":\"ListItem\",\"position\":2,\"name\":\"Referanser\"}]},{\"@type\":\"WebSite\",\"@id\":\"https:\/\/balanse.info\/akupunktur\/#website\",\"url\":\"https:\/\/balanse.info\/akupunktur\/\",\"name\":\"Balanse Akupunktur Voss\",\"description\":\"Arne Dagestad Morken, akupunkt\u00f8r MAF\",\"publisher\":{\"@id\":\"https:\/\/balanse.info\/akupunktur\/#organization\"},\"potentialAction\":[{\"@type\":\"SearchAction\",\"target\":{\"@type\":\"EntryPoint\",\"urlTemplate\":\"https:\/\/balanse.info\/akupunktur\/?s={search_term_string}\"},\"query-input\":{\"@type\":\"PropertyValueSpecification\",\"valueRequired\":true,\"valueName\":\"search_term_string\"}}],\"inLanguage\":\"en-GB\"},{\"@type\":\"Organization\",\"@id\":\"https:\/\/balanse.info\/akupunktur\/#organization\",\"name\":\"Balanse Akupunktur Voss\",\"url\":\"https:\/\/balanse.info\/akupunktur\/\",\"logo\":{\"@type\":\"ImageObject\",\"inLanguage\":\"en-GB\",\"@id\":\"https:\/\/balanse.info\/akupunktur\/#\/schema\/logo\/image\/\",\"url\":\"https:\/\/balanse.info\/akupunktur\/wp-content\/uploads\/2024\/01\/balanselogo_85x95.png\",\"contentUrl\":\"https:\/\/balanse.info\/akupunktur\/wp-content\/uploads\/2024\/01\/balanselogo_85x95.png\",\"width\":85,\"height\":95,\"caption\":\"Balanse Akupunktur Voss\"},\"image\":{\"@id\":\"https:\/\/balanse.info\/akupunktur\/#\/schema\/logo\/image\/\"},\"sameAs\":[\"https:\/\/www.facebook.com\/balanseakupunktur\",\"https:\/\/www.instagram.com\/balanse.akupunktur\/\"]}]}<\/script>\n<!-- \/ Yoast SEO plugin. -->","yoast_head_json":{"title":"Referanser - Balanse Akupunktur Voss","robots":{"index":"index","follow":"follow","max-snippet":"max-snippet:-1","max-image-preview":"max-image-preview:large","max-video-preview":"max-video-preview:-1"},"canonical":"https:\/\/balanse.info\/akupunktur\/referanser\/","og_locale":"en_GB","og_type":"article","og_title":"Referanser - Balanse Akupunktur Voss","og_description":"Er du forn\u00f8yd med behandlingen hos Balanse Akupunktur? I s\u00e5 fall setter jeg stor pris p\u00e5 om du tar deg tid til \u00e5 gi meg 5 stjerner og skrive et &hellip;","og_url":"https:\/\/balanse.info\/akupunktur\/referanser\/","og_site_name":"Balanse Akupunktur Voss","article_publisher":"https:\/\/www.facebook.com\/balanseakupunktur","article_modified_time":"2024-01-24T17:35:59+00:00","twitter_card":"summary_large_image","schema":{"@context":"https:\/\/schema.org","@graph":[{"@type":"WebPage","@id":"https:\/\/balanse.info\/akupunktur\/referanser\/","url":"https:\/\/balanse.info\/akupunktur\/referanser\/","name":"Referanser - Balanse Akupunktur Voss","isPartOf":{"@id":"https:\/\/balanse.info\/akupunktur\/#website"},"datePublished":"2024-01-24T12:46:29+00:00","dateModified":"2024-01-24T17:35:59+00:00","breadcrumb":{"@id":"https:\/\/balanse.info\/akupunktur\/referanser\/#breadcrumb"},"inLanguage":"en-GB","potentialAction":[{"@type":"ReadAction","target":["https:\/\/balanse.info\/akupunktur\/referanser\/"]}]},{"@type":"BreadcrumbList","@id":"https:\/\/balanse.info\/akupunktur\/referanser\/#breadcrumb","itemListElement":[{"@type":"ListItem","position":1,"name":"Home","item":"https:\/\/balanse.info\/akupunktur\/"},{"@type":"ListItem","position":2,"name":"Referanser"}]},{"@type":"WebSite","@id":"https:\/\/balanse.info\/akupunktur\/#website","url":"https:\/\/balanse.info\/akupunktur\/","name":"Balanse Akupunktur Voss","description":"Arne Dagestad Morken, akupunkt\u00f8r MAF","publisher":{"@id":"https:\/\/balanse.info\/akupunktur\/#organization"},"potentialAction":[{"@type":"SearchAction","target":{"@type":"EntryPoint","urlTemplate":"https:\/\/balanse.info\/akupunktur\/?s={search_term_string}"},"query-input":{"@type":"PropertyValueSpecification","valueRequired":true,"valueName":"search_term_string"}}],"inLanguage":"en-GB"},{"@type":"Organization","@id":"https:\/\/balanse.info\/akupunktur\/#organization","name":"Balanse Akupunktur Voss","url":"https:\/\/balanse.info\/akupunktur\/","logo":{"@type":"ImageObject","inLanguage":"en-GB","@id":"https:\/\/balanse.info\/akupunktur\/#\/schema\/logo\/image\/","url":"https:\/\/balanse.info\/akupunktur\/wp-content\/uploads\/2024\/01\/balanselogo_85x95.png","contentUrl":"https:\/\/balanse.info\/akupunktur\/wp-content\/uploads\/2024\/01\/balanselogo_85x95.png","width":85,"height":95,"caption":"Balanse Akupunktur Voss"},"image":{"@id":"https:\/\/balanse.info\/akupunktur\/#\/schema\/logo\/image\/"},"sameAs":["https:\/\/www.facebook.com\/balanseakupunktur","https:\/\/www.instagram.com\/balanse.akupunktur\/"]}]}},"jetpack_sharing_enabled":true,"_links":{"self":[{"href":"https:\/\/balanse.info\/akupunktur\/wp-json\/wp\/v2\/pages\/40","targetHints":{"allow":["GET"]}}],"collection":[{"href":"https:\/\/balanse.info\/akupunktur\/wp-json\/wp\/v2\/pages"}],"about":[{"href":"https:\/\/balanse.info\/akupunktur\/wp-json\/wp\/v2\/types\/page"}],"author":[{"embeddable":true,"href":"https:\/\/balanse.info\/akupunktur\/wp-json\/wp\/v2\/users\/1"}],"replies":[{"embeddable":true,"href":"https:\/\/balanse.info\/akupunktur\/wp-json\/wp\/v2\/comments?post=40"}],"version-history":[{"count":6,"href":"https:\/\/balanse.info\/akupunktur\/wp-json\/wp\/v2\/pages\/40\/revisions"}],"predecessor-version":[{"id":68,"href":"https:\/\/balanse.info\/akupunktur\/wp-json\/wp\/v2\/pages\/40\/revisions\/68"}],"wp:attachment":[{"href":"https:\/\/balanse.info\/akupunktur\/wp-json\/wp\/v2\/media?parent=40"}],"curies":[{"name":"wp","href":"https:\/\/api.w.org\/{rel}","templated":true}]}}