{"id":38,"date":"2024-01-24T12:46:07","date_gmt":"2024-01-24T12:46:07","guid":{"rendered":"https:\/\/balanse.info\/akupunktur\/?page_id=38"},"modified":"2024-01-25T10:59:42","modified_gmt":"2024-01-25T10:59:42","slug":"blogg","status":"publish","type":"page","link":"https:\/\/balanse.info\/akupunktur\/blogg\/","title":{"rendered":"Blogg"},"content":{"rendered":"\n<p>Her skriver jeg iblant om tema relatert til akupunktur, taiji og qigong, meditasjon, kosthold, med mer. Du kan ogs\u00e5 melde deg p\u00e5 en epostliste for \u00e5 f\u00e5 tilsendt nye innlegg (kommer snart).<\/p>\n\n\n\n<figure class=\"wp-block-embed is-type-wp-embed is-provider-balanse-akupunktur-voss wp-block-embed-balanse-akupunktur-voss\"><div class=\"wp-block-embed__wrapper\">\n<blockquote class=\"wp-embedded-content\" data-secret=\"nGqY3vjHlR\"><a href=\"https:\/\/balanse.info\/akupunktur\/liv-i-balanse\/\">Liv i balanse<\/a><\/blockquote><iframe loading=\"lazy\" class=\"wp-embedded-content\" sandbox=\"allow-scripts\" security=\"restricted\" style=\"position: absolute; clip: rect(1px, 1px, 1px, 1px);\" title=\"&#8220;Liv i balanse&#8221; &#8212; Balanse Akupunktur Voss\" src=\"https:\/\/balanse.info\/akupunktur\/liv-i-balanse\/embed\/#?secret=4K3YEj7sOr#?secret=nGqY3vjHlR\" data-secret=\"nGqY3vjHlR\" width=\"600\" height=\"338\" frameborder=\"0\" marginwidth=\"0\" marginheight=\"0\" scrolling=\"no\"><\/iframe>\n<\/div><\/figure>\n","protected":false},"excerpt":{"rendered":"<p>Her skriver jeg iblant om tema relatert til akupunktur, taiji og qigong, meditasjon, kosthold, med mer. Du kan ogs\u00e5 melde deg p\u00e5 en epostliste for \u00e5 f\u00e5 tilsendt nye innlegg &hellip; <\/p>\n","protected":false},"author":1,"featured_media":0,"parent":0,"menu_order":0,"comment_status":"closed","ping_status":"closed","template":"","meta":{"_monsterinsights_skip_tracking":false,"_monsterinsights_sitenote_active":false,"_monsterinsights_sitenote_note":"","_monsterinsights_sitenote_category":0,"_uf_show_specific_survey":0,"_uf_disable_surveys":false,"footnotes":""},"class_list":["post-38","page","type-page","status-publish","hentry"],"yoast_head":"<!-- This site is optimized with the Yoast SEO plugin v27.2 - https:\/\/yoast.com\/product\/yoast-seo-wordpress\/ -->\n<title>Blogg - Balanse Akupunktur Voss<\/title>\n<meta name=\"description\" content=\"Livet er bevegelse i en evig balanse mellom ytterpunkter. Men hvis bevegelsen g\u00e5r for langt til den ene eller andre siden oppst\u00e5r ubehag, sykdom og lidelse. N\u00f8kkelen til helse og velv\u00e6re er \u00e5 finne en dynamisk balanse mellom kropp og sinn. Akupunktur, taiji og meditasjon kan hjelpe deg med dette.\" \/>\n<meta name=\"robots\" content=\"index, follow, max-snippet:-1, max-image-preview:large, max-video-preview:-1\" \/>\n<link rel=\"canonical\" href=\"https:\/\/balanse.info\/akupunktur\/blogg\/\" \/>\n<meta property=\"og:locale\" content=\"en_GB\" \/>\n<meta property=\"og:type\" content=\"article\" \/>\n<meta property=\"og:title\" content=\"Blogg - Balanse Akupunktur Voss\" \/>\n<meta property=\"og:description\" content=\"Livet er bevegelse i en evig balanse mellom ytterpunkter. Men hvis bevegelsen g\u00e5r for langt til den ene eller andre siden oppst\u00e5r ubehag, sykdom og lidelse. N\u00f8kkelen til helse og velv\u00e6re er \u00e5 finne en dynamisk balanse mellom kropp og sinn. Akupunktur, taiji og meditasjon kan hjelpe deg med dette.\" \/>\n<meta property=\"og:url\" content=\"https:\/\/balanse.info\/akupunktur\/blogg\/\" \/>\n<meta property=\"og:site_name\" content=\"Balanse Akupunktur Voss\" \/>\n<meta property=\"article:publisher\" content=\"https:\/\/www.facebook.com\/balanseakupunktur\" \/>\n<meta property=\"article:modified_time\" content=\"2024-01-25T10:59:42+00:00\" \/>\n<meta name=\"twitter:card\" content=\"summary_large_image\" \/>\n<meta name=\"twitter:label1\" content=\"Estimated reading time\" \/>\n\t<meta name=\"twitter:data1\" content=\"1 minute\" \/>\n<script type=\"application\/ld+json\" class=\"yoast-schema-graph\">{\"@context\":\"https:\/\/schema.org\",\"@graph\":[{\"@type\":\"WebPage\",\"@id\":\"https:\/\/balanse.info\/akupunktur\/blogg\/\",\"url\":\"https:\/\/balanse.info\/akupunktur\/blogg\/\",\"name\":\"Blogg - Balanse Akupunktur Voss\",\"isPartOf\":{\"@id\":\"https:\/\/balanse.info\/akupunktur\/#website\"},\"datePublished\":\"2024-01-24T12:46:07+00:00\",\"dateModified\":\"2024-01-25T10:59:42+00:00\",\"description\":\"Livet er bevegelse i en evig balanse mellom ytterpunkter. Men hvis bevegelsen g\u00e5r for langt til den ene eller andre siden oppst\u00e5r ubehag, sykdom og lidelse. N\u00f8kkelen til helse og velv\u00e6re er \u00e5 finne en dynamisk balanse mellom kropp og sinn. Akupunktur, taiji og meditasjon kan hjelpe deg med dette.\",\"breadcrumb\":{\"@id\":\"https:\/\/balanse.info\/akupunktur\/blogg\/#breadcrumb\"},\"inLanguage\":\"en-GB\",\"potentialAction\":[{\"@type\":\"ReadAction\",\"target\":[\"https:\/\/balanse.info\/akupunktur\/blogg\/\"]}]},{\"@type\":\"BreadcrumbList\",\"@id\":\"https:\/\/balanse.info\/akupunktur\/blogg\/#breadcrumb\",\"itemListElement\":[{\"@type\":\"ListItem\",\"position\":1,\"name\":\"Home\",\"item\":\"https:\/\/balanse.info\/akupunktur\/\"},{\"@type\":\"ListItem\",\"position\":2,\"name\":\"Blogg\"}]},{\"@type\":\"WebSite\",\"@id\":\"https:\/\/balanse.info\/akupunktur\/#website\",\"url\":\"https:\/\/balanse.info\/akupunktur\/\",\"name\":\"Balanse Akupunktur Voss\",\"description\":\"Arne Dagestad Morken, akupunkt\u00f8r MAF\",\"publisher\":{\"@id\":\"https:\/\/balanse.info\/akupunktur\/#organization\"},\"potentialAction\":[{\"@type\":\"SearchAction\",\"target\":{\"@type\":\"EntryPoint\",\"urlTemplate\":\"https:\/\/balanse.info\/akupunktur\/?s={search_term_string}\"},\"query-input\":{\"@type\":\"PropertyValueSpecification\",\"valueRequired\":true,\"valueName\":\"search_term_string\"}}],\"inLanguage\":\"en-GB\"},{\"@type\":\"Organization\",\"@id\":\"https:\/\/balanse.info\/akupunktur\/#organization\",\"name\":\"Balanse Akupunktur Voss\",\"url\":\"https:\/\/balanse.info\/akupunktur\/\",\"logo\":{\"@type\":\"ImageObject\",\"inLanguage\":\"en-GB\",\"@id\":\"https:\/\/balanse.info\/akupunktur\/#\/schema\/logo\/image\/\",\"url\":\"https:\/\/balanse.info\/akupunktur\/wp-content\/uploads\/2024\/01\/balanselogo_85x95.png\",\"contentUrl\":\"https:\/\/balanse.info\/akupunktur\/wp-content\/uploads\/2024\/01\/balanselogo_85x95.png\",\"width\":85,\"height\":95,\"caption\":\"Balanse Akupunktur Voss\"},\"image\":{\"@id\":\"https:\/\/balanse.info\/akupunktur\/#\/schema\/logo\/image\/\"},\"sameAs\":[\"https:\/\/www.facebook.com\/balanseakupunktur\",\"https:\/\/www.instagram.com\/balanse.akupunktur\/\"]}]}<\/script>\n<!-- \/ Yoast SEO plugin. -->","yoast_head_json":{"title":"Blogg - Balanse Akupunktur Voss","description":"Livet er bevegelse i en evig balanse mellom ytterpunkter. Men hvis bevegelsen g\u00e5r for langt til den ene eller andre siden oppst\u00e5r ubehag, sykdom og lidelse. N\u00f8kkelen til helse og velv\u00e6re er \u00e5 finne en dynamisk balanse mellom kropp og sinn. Akupunktur, taiji og meditasjon kan hjelpe deg med dette.","robots":{"index":"index","follow":"follow","max-snippet":"max-snippet:-1","max-image-preview":"max-image-preview:large","max-video-preview":"max-video-preview:-1"},"canonical":"https:\/\/balanse.info\/akupunktur\/blogg\/","og_locale":"en_GB","og_type":"article","og_title":"Blogg - Balanse Akupunktur Voss","og_description":"Livet er bevegelse i en evig balanse mellom ytterpunkter. Men hvis bevegelsen g\u00e5r for langt til den ene eller andre siden oppst\u00e5r ubehag, sykdom og lidelse. N\u00f8kkelen til helse og velv\u00e6re er \u00e5 finne en dynamisk balanse mellom kropp og sinn. Akupunktur, taiji og meditasjon kan hjelpe deg med dette.","og_url":"https:\/\/balanse.info\/akupunktur\/blogg\/","og_site_name":"Balanse Akupunktur Voss","article_publisher":"https:\/\/www.facebook.com\/balanseakupunktur","article_modified_time":"2024-01-25T10:59:42+00:00","twitter_card":"summary_large_image","twitter_misc":{"Estimated reading time":"1 minute"},"schema":{"@context":"https:\/\/schema.org","@graph":[{"@type":"WebPage","@id":"https:\/\/balanse.info\/akupunktur\/blogg\/","url":"https:\/\/balanse.info\/akupunktur\/blogg\/","name":"Blogg - Balanse Akupunktur Voss","isPartOf":{"@id":"https:\/\/balanse.info\/akupunktur\/#website"},"datePublished":"2024-01-24T12:46:07+00:00","dateModified":"2024-01-25T10:59:42+00:00","description":"Livet er bevegelse i en evig balanse mellom ytterpunkter. Men hvis bevegelsen g\u00e5r for langt til den ene eller andre siden oppst\u00e5r ubehag, sykdom og lidelse. N\u00f8kkelen til helse og velv\u00e6re er \u00e5 finne en dynamisk balanse mellom kropp og sinn. Akupunktur, taiji og meditasjon kan hjelpe deg med dette.","breadcrumb":{"@id":"https:\/\/balanse.info\/akupunktur\/blogg\/#breadcrumb"},"inLanguage":"en-GB","potentialAction":[{"@type":"ReadAction","target":["https:\/\/balanse.info\/akupunktur\/blogg\/"]}]},{"@type":"BreadcrumbList","@id":"https:\/\/balanse.info\/akupunktur\/blogg\/#breadcrumb","itemListElement":[{"@type":"ListItem","position":1,"name":"Home","item":"https:\/\/balanse.info\/akupunktur\/"},{"@type":"ListItem","position":2,"name":"Blogg"}]},{"@type":"WebSite","@id":"https:\/\/balanse.info\/akupunktur\/#website","url":"https:\/\/balanse.info\/akupunktur\/","name":"Balanse Akupunktur Voss","description":"Arne Dagestad Morken, akupunkt\u00f8r MAF","publisher":{"@id":"https:\/\/balanse.info\/akupunktur\/#organization"},"potentialAction":[{"@type":"SearchAction","target":{"@type":"EntryPoint","urlTemplate":"https:\/\/balanse.info\/akupunktur\/?s={search_term_string}"},"query-input":{"@type":"PropertyValueSpecification","valueRequired":true,"valueName":"search_term_string"}}],"inLanguage":"en-GB"},{"@type":"Organization","@id":"https:\/\/balanse.info\/akupunktur\/#organization","name":"Balanse Akupunktur Voss","url":"https:\/\/balanse.info\/akupunktur\/","logo":{"@type":"ImageObject","inLanguage":"en-GB","@id":"https:\/\/balanse.info\/akupunktur\/#\/schema\/logo\/image\/","url":"https:\/\/balanse.info\/akupunktur\/wp-content\/uploads\/2024\/01\/balanselogo_85x95.png","contentUrl":"https:\/\/balanse.info\/akupunktur\/wp-content\/uploads\/2024\/01\/balanselogo_85x95.png","width":85,"height":95,"caption":"Balanse Akupunktur Voss"},"image":{"@id":"https:\/\/balanse.info\/akupunktur\/#\/schema\/logo\/image\/"},"sameAs":["https:\/\/www.facebook.com\/balanseakupunktur","https:\/\/www.instagram.com\/balanse.akupunktur\/"]}]}},"jetpack_sharing_enabled":true,"_links":{"self":[{"href":"https:\/\/balanse.info\/akupunktur\/wp-json\/wp\/v2\/pages\/38","targetHints":{"allow":["GET"]}}],"collection":[{"href":"https:\/\/balanse.info\/akupunktur\/wp-json\/wp\/v2\/pages"}],"about":[{"href":"https:\/\/balanse.info\/akupunktur\/wp-json\/wp\/v2\/types\/page"}],"author":[{"embeddable":true,"href":"https:\/\/balanse.info\/akupunktur\/wp-json\/wp\/v2\/users\/1"}],"replies":[{"embeddable":true,"href":"https:\/\/balanse.info\/akupunktur\/wp-json\/wp\/v2\/comments?post=38"}],"version-history":[{"count":6,"href":"https:\/\/balanse.info\/akupunktur\/wp-json\/wp\/v2\/pages\/38\/revisions"}],"predecessor-version":[{"id":83,"href":"https:\/\/balanse.info\/akupunktur\/wp-json\/wp\/v2\/pages\/38\/revisions\/83"}],"wp:attachment":[{"href":"https:\/\/balanse.info\/akupunktur\/wp-json\/wp\/v2\/media?parent=38"}],"curies":[{"name":"wp","href":"https:\/\/api.w.org\/{rel}","templated":true}]}}